{"id":760,"date":"2015-05-01T04:28:43","date_gmt":"2015-05-01T04:28:43","guid":{"rendered":"http:\/\/openspaceworld.org\/wp2\/?page_id=760"},"modified":"2023-04-01T12:06:25","modified_gmt":"2023-04-01T18:06:25","slug":"turk","status":"publish","type":"page","link":"https:\/\/openspaceworld.org\/wp2\/what-is\/turk\/","title":{"rendered":"&#8216;A\u00e7\u0131k Alan&#8217; Teknolojisi"},"content":{"rendered":"<p><em><a href=\"http:\/\/www.michaelherman.com\/\">Michael Herman<\/a> taraf\u0131ndan haz\u0131rlanan bu metin, \u00d6zge Ertem, Funda Oral (<a href=\"mailto:fundaoral@gmail.com\" target=\"_blank\" rel=\"noopener\">fundaoral@gmail.com<\/a>) ve Filiz Telek (<a href=\"mailto:filiztelek@yahoo.com\">filiztelek@yahoo.com<\/a>) taraf\u0131ndan yorumlanarak T\u00fcrk\u00e7eye \u00e7evrilmi\u015ftir.<\/em><\/p>\n<p><strong>&#8216;A\u00e7\u0131k Alan&#8217; Teknolojisi Nedir?<\/strong><\/p>\n<p>A\u00e7\u0131k Alan Teknolojisi (AAT) bir \u00e7e\u015fit toplant\u0131 yapma tekni\u011fidir. Basit fakat ayn\u0131 zamanda da etkili bir tekniktir.<\/p>\n<p>De\u011fi\u015fik say\u0131da ki\u015fiden (2-2000) meydana gelen gruplar\u0131n bir araya gelmesine ve k\u0131sa bir s\u00fcrede \u00e7ok karma\u015f\u0131k konular \u00fczerinde \u00e7al\u0131\u015fmalar\u0131na yard\u0131mc\u0131 olur. Kurum, topluluk ve toplumlar\u0131 olu\u015fturan bireylerin kendilerine g\u00f6re \u00f6nemli olan konular\u00fd, problemleri, eksiklikleri g\u00fcndeme getirme; duygu, heyecan ve kayg\u0131lar\u0131n\u0131 ortaya koyma; birbirleriyle payla\u015fma, birbirlerinden \u00f6\u011frenme ve m\u00fcmk\u00fcnse birlikte sorumluluk alarak \u00e7\u00f6z\u00fcmler yaratmalar\u0131 konusunda kullan\u00fdlan, en etkili y\u00f6ntemdir.<\/p>\n<p><strong>A\u00e7\u0131k Alan Teknolojisi Uygulanmas\u0131na Dair<\/strong><\/p>\n<p>&#8216;A\u00e7\u0131k Alan&#8217; Metodu, de\u011fi\u015fik \u00f6rg\u00fctlenmeler i\u00e7inde etkin ve ilham verici toplant\u0131 ve eylemler ger\u00e7ekle\u015ftirebilmenin bir yoludur. Son 15 y\u0131lda olduk\u00e7a a\u00e7\u0131k bir bi\u00e7imde g\u00f6r\u00fclm\u00fc\u015ft\u00fcr ki, etkin bir liderlik arac\u0131 olarak &#8216;alan a\u00e7mak&#8217; olduk\u00e7a yarat\u0131c\u0131 \u00e7al\u0131\u015fma gruplar\u0131n\u0131n olu\u015fmas\u0131na ve her t\u00fcr kat\u0131l\u0131mc\u0131n\u0131n, bir d\u00fczen i\u00e7inde, birlikte \u00e7al\u0131\u015farak ola\u011fan\u00fcst\u00fc sonu\u00e7lar elde etmesine olanak tan\u0131maktad\u0131r.<\/p>\n<p>A\u00e7\u0131k Alan toplant\u0131lar\u0131nda, eylem ve etkinliklerinde, kat\u0131l\u0131mc\u0131lar; stratejik \u00f6neme sahip temel bir tema etraf\u0131nda, g\u00fcndemi tamamen kendilerinin kararla\u015ft\u0131rd\u0131klar\u0131 paralel at\u00f6lyeler ve \u00e7al\u0131\u015fma alanlar\u0131 d\u00fczenlerler. &#8216;Stratejik \u00f6neme sahip temel bir tema&#8217; ile kastedilen, \u015f\u00f6yle bir sorudur : b\u00fct\u00fcn payda\u015flar\u0131n destekleyece\u011fi ve ger\u00e7ekle\u015ftirmek i\u00e7in birlikte \u00e7al\u0131\u015fabilece\u011fi strateji, grup, \u00f6rg\u00fct ve topluluk ne olabilir?<\/p>\n<p>5 ki\u015filikten 1000 ki\u015fili\u011fe kadar olan gruplar; tek g\u00fcnl\u00fck at\u00f6lyeler, \u00fc\u00e7 g\u00fcnl\u00fck konferanslar veya d\u00fczenli haftal\u0131k y\u00f6netim toplant\u0131lar\u0131 \u015feklinde \u00e7al\u0131\u015f\u0131rlar. Genel sonu\u00e7; kurumlarda zaten olan ve ger\u00e7ekle\u015fen uygulamalar\u0131n &#8211; <b>planlama ve eylem, \u00f6\u011frenme ve yapma, tutku ve sorumluluk, kat\u0131l\u0131m ve performans<\/b>&#8211; g\u00fc\u00e7lendirilmesi ve daha etkin bir bi\u00e7imde birbirleriye ili\u015fkilendirilmesidir.<\/p>\n<p><strong>Ne zaman ve neden?<\/strong><\/p>\n<p>A\u00e7\u0131k Alan en iyi; u\u011fra\u015f\u0131lan meselenin karma\u015f\u0131k, kat\u0131lan ki\u015fi ve ele al\u0131nan fikirlerin \u00e7e\u015fitli, sonu\u00e7 almaya y\u00f6nelik tutkunun (ve \u00e7at\u0131\u015fma potansiyelinin) y\u00fcksek oldu\u011fu durumlarda ve meselenin asl\u0131nda ge\u00e7mi\u015fte \u00e7oktan halledilmi\u015f bir mesele olmas\u0131 gereklili\u011finin bilincine sahip olundu\u011fu durumda i\u015fler. Buna, sorumlulukla birle\u015fmi\u015f tutku, iyi bir kahve molas\u0131n\u0131n verdi\u011fi enerji, istenilerek ve kendili\u011finden olu\u015fan disiplin ve d\u00fczen, \u00e7al\u0131\u015fma ruhu, kaos ve yarat\u0131c\u0131l\u0131k, \u00f6rg\u00fctsel geli\u015fim ve de insanlar ve \u00f6rg\u00fctleri -en \u00e7ok ihtiya\u00e7 duyulan zaman ve durumlarda- hareketlendirip, bu hareketlili\u011fin s\u00fcreklili\u011fini sa\u011flayacak, basit ama g\u00fc\u00e7l\u00fc bir yol da denilebilir.<\/p>\n<p>Sadeli\u011fi ve s\u00fcrprizlere a\u00e7\u0131kl\u0131\u011f\u0131 ile bilinmesine ra\u011fmen, asl\u0131nda A\u00e7\u0131k Alan Toplant\u0131s\u0131 son derece yap\u0131land\u0131r\u0131lm\u0131\u015ft\u0131r -ama ortaya \u00e7\u0131kan yap\u0131, eldeki insan grubuna ve i\u015fe \u00f6yle m\u00fckemmel uyar ki, en iyi sonucu ortaya \u00e7\u0131karmas\u0131ndaki rol\u00fc neredeyse fark edilmez. Asl\u0131nda, A\u00e7\u0131k Alan\u0131n i\u00e7erdi\u011fi hikayeler ve \u00e7al\u0131\u015fma planlar\u0131 genelde daha karma\u015f\u0131kt\u0131r, daha g\u00fc\u00e7l\u00fcd\u00fcr, daha dayan\u0131kl\u0131d\u0131r- ve bir uzman ya da y\u00f6netim taraf\u0131ndan y\u00f6nlendirilen tasar\u0131mlardan \u00e7ok daha s\u00fcratli hareket edebilirler.<\/p>\n<p><strong>Ne Olacak?<\/strong><\/p>\n<p>\u0130nsanlara, en \u00f6nem verdikleri i\u015fleri ele almalar\u0131 ve ger\u00e7ekle\u015ftirmeleri i\u00e7in alan a\u00e7t\u0131\u011f\u0131m\u0131zda, hi\u00e7bir zaman tam olarak ne olaca\u011f\u0131n\u0131 bilemeyiz; ama A\u00e7\u0131k Alana dahil olan herhangi bir grup i\u00e7in \u015fu sonu\u00e7lar\u0131 <b>garanti <\/b>edebiliriz:<\/p>\n<blockquote><p>1. Kat\u0131l\u0131mc\u0131lar a\u00e7\u0131s\u0131ndan EN \u00f6nemli olan konular\u0131n t\u00fcm\u00fc masaya yat\u0131r\u0131lacakt\u0131r.<\/p>\n<p>2. B\u00fct\u00fcn konular, en kalifiye ve konular \u00fczerinde eyleme y\u00f6nelik inisiyatif almaya istekli kat\u0131l\u0131mc\u0131lar taraf\u0131ndan ele al\u0131nacakt\u0131r.<\/p>\n<p>3. Bir ya da iki g\u00fcn gibi k\u0131sa bir s\u00fcre i\u00e7erisinde, b\u00fct\u00fcn \u00f6nemli fikirler, tart\u0131\u015fmalar, veriler, yorumlar, sonu\u00e7lar, ilerideki \u00e7al\u0131\u015fmalara y\u00f6nelik sorular ve acil eylem gerektiren planlar\u0131n hepsi, kapsay\u0131c\u0131 bir raporda toplanacakt\u0131r. Bu rapor, toplant\u0131 sonunda, kat\u0131l\u0131mc\u0131lara birer kopyas\u0131 verilmek \u00fczere haz\u0131r olacakt\u00fdr.<\/p>\n<p>4. Uygun olundu\u00f0unda ve zaman elverdi\u00f0i s\u00fcrece, bu raporun t\u00fcm i\u00e7eri\u00f0ine birka\u00e7 saat i\u00e7inde kat\u00fdl\u00fdmc\u00fd say\u00fds\u00fd y\u00fczlerce ki\u015fiden olu\u015fan b\u00fcy\u00fck gruplarla bile, \u00f6ncelik verilerek odaklan\u0131labilinir.<\/p>\n<p>5. Herhangi bir etkinlikten sonra, ortaya \u00e7\u0131kan sonu\u00e7lar\u0131n tamam\u0131, etkinli\u011fi ger\u00e7ekle\u015ftiren kuruma ya da toplulu\u011fa a\u00e7\u0131klanabilir ve b\u00f6ylelikle diyalog s\u00fcreci, b\u00fct\u00fcn payda\u015flar\u0131, hemen o an, uygulama s\u00fcrecine davet edebilir.<\/p>\n<p>6. VE&#8230;bunun gibi sonu\u00e7lar, ba\u00feka herhangi bir B\u00fcy\u00fck-Grup M\u00fcdahalesi&#8217;nden daha h\u0131zl\u0131 bir bi\u00e7imde planlan\u0131p, uygulamaya ge\u00e7ilebilir. Ba\u015fka birtak\u0131m yakla\u015f\u0131mlar\u0131n ba\u015farmak i\u00e7in aylara, y\u0131llara ihtiya\u00e7 duydu\u011fu \u015feyleri g\u00fcnler ve haftalar i\u00e7inde ger\u00e7ekle\u015ftirmek m\u00fcmk\u00fcnd\u00fcr.<\/p><\/blockquote>\n<p>Ayn\u0131 anda hem iyi haber, hem de k\u00f6t\u00fc haberi vermek gerekirse; bu sistem i\u015fe yar\u0131yor. \u0130yi haber, \u00e7\u00fcnk\u00fc insanlar ve i\u015fin devaml\u0131l\u0131\u011f\u0131n\u0131 ve hareketlili\u011fini sa\u011fl\u0131yor. K\u00f6t\u00fc haber, \u00e7\u00fcnk\u00fc bu durum ayn\u0131 zamanda, bir\u00e7ok \u015feyin eskisi gibi olmayaca\u011f\u0131n\u0131n i\u015fareti. \u0130stenen \u015feyler olu\u015fabilir, istenmeyen \u015feyler ortadan kald\u0131r\u0131labilir, ama bazen tam tersi de olabilir ama bu hayat\u0131n tam kendisi de\u011fil mi zaten?<\/p>\n<p><strong>\u00d6yleyse, k\u0131saca diyebiliriz ki, A\u00e7\u0131k Alan Teknolojisi, \u00f6rg\u00fctleri hayata, hayat\u0131 \u00f6rg\u00fctlere kavu\u015fturur.<\/strong><\/p>\n","protected":false},"excerpt":{"rendered":"<p>Michael Herman taraf\u0131ndan haz\u0131rlanan bu metin, \u00d6zge Ertem, Funda Oral (fundaoral@gmail.com) ve Filiz Telek (filiztelek@yahoo.com) taraf\u0131ndan yorumlanarak T\u00fcrk\u00e7eye \u00e7evrilmi\u015ftir. &#8216;A\u00e7\u0131k Alan&#8217; Teknolojisi Nedir? A\u00e7\u0131k Alan Teknolojisi (AAT) bir \u00e7e\u015fit toplant\u0131 yapma tekni\u011fidir. Basit fakat ayn\u0131 zamanda da etkili bir tekniktir. De\u011fi\u015fik say\u0131da ki\u015fiden (2-2000) meydana gelen gruplar\u0131n bir araya gelmesine ve k\u0131sa bir s\u00fcrede \u00e7ok [&hellip;]<\/p>\n","protected":false},"author":1,"featured_media":0,"parent":391,"menu_order":0,"comment_status":"closed","ping_status":"closed","template":"","meta":{"footnotes":""},"class_list":["post-760","page","type-page","status-publish","hentry"],"_links":{"self":[{"href":"https:\/\/openspaceworld.org\/wp2\/wp-json\/wp\/v2\/pages\/760","targetHints":{"allow":["GET"]}}],"collection":[{"href":"https:\/\/openspaceworld.org\/wp2\/wp-json\/wp\/v2\/pages"}],"about":[{"href":"https:\/\/openspaceworld.org\/wp2\/wp-json\/wp\/v2\/types\/page"}],"author":[{"embeddable":true,"href":"https:\/\/openspaceworld.org\/wp2\/wp-json\/wp\/v2\/users\/1"}],"replies":[{"embeddable":true,"href":"https:\/\/openspaceworld.org\/wp2\/wp-json\/wp\/v2\/comments?post=760"}],"version-history":[{"count":2,"href":"https:\/\/openspaceworld.org\/wp2\/wp-json\/wp\/v2\/pages\/760\/revisions"}],"predecessor-version":[{"id":3666,"href":"https:\/\/openspaceworld.org\/wp2\/wp-json\/wp\/v2\/pages\/760\/revisions\/3666"}],"up":[{"embeddable":true,"href":"https:\/\/openspaceworld.org\/wp2\/wp-json\/wp\/v2\/pages\/391"}],"wp:attachment":[{"href":"https:\/\/openspaceworld.org\/wp2\/wp-json\/wp\/v2\/media?parent=760"}],"curies":[{"name":"wp","href":"https:\/\/api.w.org\/{rel}","templated":true}]}}