{"id":737,"date":"2015-04-30T23:21:52","date_gmt":"2015-04-30T23:21:52","guid":{"rendered":"http:\/\/openspaceworld.org\/wp2\/?page_id=737"},"modified":"2015-05-07T15:44:57","modified_gmt":"2015-05-07T15:44:57","slug":"fran","status":"publish","type":"page","link":"https:\/\/openspaceworld.org\/wp2\/what-is\/fran\/","title":{"rendered":"L&#8217;approche Forum Ouvert (Open Space)"},"content":{"rendered":"<p><em>Traduction et adaptation en fran\u00e7ais du texte original de <a href=\"http:\/\/www.michaelherman.com\/\">Michael Herman<\/a>, r\u00e9alis\u00e9es par <a href=\"mailto:veronica@esoterica.pt\">V\u00e9ronique dos Santos<\/a>\u00a0et <a href=\"mailto:artsilva@mail.eunet.pt\">Artur Ferreira da Silva<\/a>. \u00a0&#8230;<a href=\"http:\/\/openspaceworld.org\/languages\/french\/index.html#anchor829778\">Plus d&#8217;histoires<\/a><\/em><\/p>\n<p><strong>Qu&#8217;est ce que l&#8217;approche Forum Ouvert?<\/strong><\/p>\n<p>C&#8217;est une m\u00e9thodologie qui permet la r\u00e9alisation de r\u00e9unions cr\u00e9atives, avec n&#8217;importe quel groupe de gens, en n&#8217;importe quel type d&#8217;organisations. Quinze ann\u00e9es pass\u00e9es et il est aussi clair que l&#8217;Approche Forum Ouvert peut originer des organisations cr\u00e9atives, o\u00f9 les gens travaillent ensemble obtenant des r\u00e9sultats extraordinaires avec r\u00e9gularit\u00e9.<\/p>\n<p>Au Forum Ouvert, les participants cr\u00e9ent et g\u00e8rent eux-m\u00eames un ordre du jour (agenda) comprenant divers groupes de travail, en s\u00e9ances simultan\u00e9es, ayant un th\u00e8me commun, d&#8217;importance strat\u00e9gique, comme para exemple: \u00abquelle doit-\u00eatre la strat\u00e9gie pour le groupe, organisation ou communaut\u00e9 que toutes les parties puissent supporter et d\u00e9velopper en travaillant ensemble.\u00bb<\/p>\n<p>Avec des groupes de 5 \u00e0 1000 participants, travaillant en s\u00e9minaires d&#8217;un jour, pendant une conf\u00e9rence de trois jours, ou en r\u00e9unions r\u00e9guli\u00e8res, le r\u00e9sultat est l&#8217;approfondissement et le renforcement effectifs de tous les aspects qui sont d\u00e9j\u00e0 pr\u00e9sents, mais timidement, dans les organisations: la planification et l&#8217;action, l&#8217;apprentissage et la r\u00e9alisation, la passion et la responsabilit\u00e9, la participation et la r\u00e9alisation.<\/p>\n<p><strong>Quand et Pourquoi?<\/strong><\/p>\n<p>L&#8217;approche Forum Ouvert parvient \u00e0 d&#8217;importants r\u00e9sultats quand le travail \u00e0 r\u00e9aliser est complexe, le groupe de gens est divers, ainsi que leurs id\u00e9es, la passion pour la r\u00e9solution (et le potentiel de conflit) sont \u00e9lev\u00e9s et le temps pour obtenir des r\u00e9sultats est d\u00e9j\u00e0 \u00e9coul\u00e9.<\/p>\n<p>L&#8217;approche Forum Ouvert a d\u00e9j\u00e0 \u00e9t\u00e9 caract\u00e9ris\u00e9e comme \u00abpassion conjugu\u00e9e avec responsabilit\u00e9\u00bb, \u00ab\u00e9nergie d\u00b4 une pause-caf\u00e9\u00bb, \u00abauto-organisation intentionnelle\u00bb, \u00abesprit en action\u00bb, \u00abchaos et cr\u00e9ativit\u00e9\u00bb, \u00ab\u00e9volution de l\u00b4organisation\u00bb. Elle constitue aussi un moyen simple et puissant de mouvoir des gens et des organisations ou et quand cela est le plus n\u00e9cessaire.<\/p>\n<p>Et, m\u00eame si cette m\u00e9thodologie est reconnue par son apparent manque de structure et est ouverte aux surprises, en r\u00e9alit\u00e9, les r\u00e9unions en \u00abForum Ouvert\u00bb sont tr\u00e8s structur\u00e9es. Cette structure est si adapt\u00e9e aux gens et aux activit\u00e9s \u00e0 r\u00e9aliser que pratiquement on ne s&#8217;aper\u00e7oit pas d&#8217;elle, comme support (et non comme blocage) au travail de haute qualit\u00e9. En faite, les plans effectu\u00e9s et les d\u00e9cisions prises au cours de ces r\u00e9unions sont g\u00e9n\u00e9ralement plus complexes, plus solides et plus durables, et sont implant\u00e9s beaucoup plus rapidement que ceux propos\u00e9s par des sp\u00e9cialistes ou gestionnaires ayant recours aux m\u00e9thodes traditionnelles.<\/p>\n<p><strong>Que va-t-il se passer?<\/strong><\/p>\n<p>On ne peut jamais savoir exactement que va-t-il arriver quand on ouvre un espace o\u00f9 les gens analysent leurs probl\u00e8mes les plus importants et d\u00e9veloppent leurs solutions. Mais, quelques r\u00e9sultats sont garantis quand un groupe utilise l&#8217;approche Forum Ouvert:<\/p>\n<blockquote><p><span style=\"font-family: Times;\">1. <\/span>Les questions les plus importantes pour les participants seront abord\u00e9es;<\/p>\n<p>2. Toutes les questions soulev\u00e9es seront trait\u00e9es par les participants plus qualifi\u00e9s et plus capables, pour chacune d&#8217;elle, d&#8217;obtenir des r\u00e9sultats;<\/p>\n<p>3. En un temps limit\u00e9, d&#8217;un ou deux jours, toutes les informations, les questions, les id\u00e9es, les discussions, les recommandations et les conclusions plus importantes, ainsi que les questions \u00e0 analyser post\u00e9rieurement et les plans imm\u00e9diats d&#8217;action sont regroup\u00e9s et constituent un rapport qui est distribu\u00e9 aux participants avant de quitter la r\u00e9union;<\/p>\n<p>4. Quand cela est convenable, on peut d\u00e9finir des priorit\u00e9s aux items du rapport, en quelques heures, m\u00eame avec de grands groupes (de l&#8217;ordre des centaines de participants);<\/p>\n<p>5. Les r\u00e9sultats peuvent \u00eatre imm\u00e9diatement disponibles pour toute l&#8217;organisation ou communaut\u00e9, permettant ainsi englober les participants int\u00e9ress\u00e9s \u00e0 les implanter.<\/p>\n<p>6. Ces r\u00e9sultats peuvent \u00eatre obtenus et implant\u00e9s beaucoup plus rapidement qu&#8217;avec d&#8217;autres m\u00e9thodologies d&#8217;intervention en grands groupes. Il est vraiment possible d&#8217;obtenir, en quelques jours ou en quelques semaines, des r\u00e9sultats, alors que d&#8217;autres approches ont besoin de quelques mois ou bien de quelques ann\u00e9es.<\/p><\/blockquote>\n<p>Partout dans le monde, de nombreuses r\u00e9unions r\u00e9alis\u00e9es avec succ\u00e8s, qui ont utilis\u00e9 l&#8217;approche Forum Ouvert, d\u00e9montrent qu&#8217;elle fonctionne, en permettant la r\u00e9solution de probl\u00e8mes ou faisant face \u00e0 de nouvelles opportunit\u00e9s et mobilisant participants et \u00e9nergies pour une r\u00e9solution rapide. Mais cela signifie aussi que de nombreuses choses seront diff\u00e9rentes de ce qu&#8217;elles \u00e9taient avant: ce que l&#8217;on voulait obtenir est r\u00e9alis\u00e9, ce que l&#8217;on voulait voir dispara\u00eetre, dispara\u00eet; mais quelques fois, il <a name=\"anchor829778\"><\/a>arrive des choses inattendues \u00ad la vie est comme cela, en particulier en p\u00e9riodes de changement et turbulence comme sont les n\u00f4tres. En conclusion: l&#8217;approche Forum Ouvert redonne vie aux organisations e redonne \u00e0 la vie les organisations.<\/p>\n<p><strong>Qu&#8217;est-ce qui suit?<\/strong><\/p>\n<p><a href=\"http:\/\/www.forum-ouvert.fr\/\" target=\"_blank\">Forum Ouvert<\/a>\u00a0&#8211; 10 sp\u00e9cialistes du Forum Ouvert donnent leurs visions crois\u00e9es et leurs conseils,\u00a0des t\u00e9moignages de d\u00e9cideurs et de participants, des photos, le storyboard d&#8217;un Forum Ouvert et une liste de ressources o\u00f9 trouver des informations compl\u00e9mentaires.<\/p>\n<p>Pour mieux conna\u00eetre l&#8217;approche Forum Ouvert vous pouvez consulter la version en fran\u00e7ais du site<a href=\"http:\/\/www.openspacecanada.org\/\" target=\"_blank\">www.openspacecanada.org<\/a> ou bien, sur ce site<a href=\"http:\/\/www.openspaceworld.org\/\">www.openspaceworld.org<\/a>&#8230;<\/p>\n<p><a href=\"http:\/\/openspaceworld.org\/languages\/french\/intro.html\">L&#8217;approche Forum Ouvert<\/a>, une traduction en fran\u00e7ais d&#8217;un extrait d&#8217; &#8220;<i>Open Space Technology: A User&#8217;s Guide&#8221;,<\/i> de Harrison Owen.<\/p>\n<p><a href=\"http:\/\/openspaceworld.org\/languages\/french\/gibeault.html\">Le Forum Ouvert&#8230;une technologie?<\/a> &#8230;une d\u00e9marche de groupe ou une nouvelle fa\u00e7on de penser? Par <a href=\"http:\/\/www.dianegibeault.com\/\">Diane Gibeault<\/a>, (www.dianegibeault.com) praticienne de l&#8217;approche FORUM OUVERT (Open Space).<\/p>\n<p><a href=\"http:\/\/openspaceworld.org\/languages\/french\/orderforfree.html\">Un Forum Ouvert a l&#8217;ordre naissant<\/a>, un article r\u00e9cent du cr\u00e9ateur de l&#8217;Approche Forum Ouvert, Harrison Owen.<\/p>\n<p>Ce site web est plein d&#8217;histoires de succ\u00e8s, de recours pratiques, et d&#8217;autres informations utiles, essentiellement en anglais, toutes contribuant \u00e0 r\u00e9pondre \u00e0 la question: \u00abqu\u00b4est-ce que l\u00b4approche Forum Ouvert?\u00bb<\/p>\n<p><strong>Plus d\u00b4articles en fran\u00e7ais:<\/strong><\/p>\n<p><a href=\"http:\/\/openspaceworld.org\/languages\/french\/TravaillerEnForumOuvert.pdf\">Travailler en forum ouvert: petite visite guid\u00e9e<\/a>, une observation d&#8217;une r\u00e9union hypoth\u00e9tique en Forum Ouvert, illustrant les conditions et les possibilit\u00e9s de ce genre de r\u00e9unions, r\u00e9alis\u00e9e par <a href=\"http:\/\/www.michaelherman.com\/\">Michael Herman<\/a>, tranduction par\u00a0<a href=\"http:\/\/www.esthermatte.com\/\">Esther Matte<\/a>.<\/p>\n<p><a href=\"http:\/\/openspaceworld.org\/languages\/french\/ProductifEnGroupe.pdf\">L&#8217;art d&#8217;\u00eatre productif en groupe<\/a>, par <a href=\"http:\/\/www.esthermatte.com\/\">Esther Matte<\/a>.<\/p>\n","protected":false},"excerpt":{"rendered":"<p>Traduction et adaptation en fran\u00e7ais du texte original de Michael Herman, r\u00e9alis\u00e9es par V\u00e9ronique dos Santos\u00a0et Artur Ferreira da Silva. \u00a0&#8230;Plus d&#8217;histoires Qu&#8217;est ce que l&#8217;approche Forum Ouvert? C&#8217;est une m\u00e9thodologie qui permet la r\u00e9alisation de r\u00e9unions cr\u00e9atives, avec n&#8217;importe quel groupe de gens, en n&#8217;importe quel type d&#8217;organisations. Quinze ann\u00e9es pass\u00e9es et il est [&hellip;]<\/p>\n","protected":false},"author":1,"featured_media":0,"parent":391,"menu_order":0,"comment_status":"closed","ping_status":"closed","template":"","meta":{"footnotes":""},"class_list":["post-737","page","type-page","status-publish","hentry"],"_links":{"self":[{"href":"https:\/\/openspaceworld.org\/wp2\/wp-json\/wp\/v2\/pages\/737","targetHints":{"allow":["GET"]}}],"collection":[{"href":"https:\/\/openspaceworld.org\/wp2\/wp-json\/wp\/v2\/pages"}],"about":[{"href":"https:\/\/openspaceworld.org\/wp2\/wp-json\/wp\/v2\/types\/page"}],"author":[{"embeddable":true,"href":"https:\/\/openspaceworld.org\/wp2\/wp-json\/wp\/v2\/users\/1"}],"replies":[{"embeddable":true,"href":"https:\/\/openspaceworld.org\/wp2\/wp-json\/wp\/v2\/comments?post=737"}],"version-history":[{"count":7,"href":"https:\/\/openspaceworld.org\/wp2\/wp-json\/wp\/v2\/pages\/737\/revisions"}],"predecessor-version":[{"id":794,"href":"https:\/\/openspaceworld.org\/wp2\/wp-json\/wp\/v2\/pages\/737\/revisions\/794"}],"up":[{"embeddable":true,"href":"https:\/\/openspaceworld.org\/wp2\/wp-json\/wp\/v2\/pages\/391"}],"wp:attachment":[{"href":"https:\/\/openspaceworld.org\/wp2\/wp-json\/wp\/v2\/media?parent=737"}],"curies":[{"name":"wp","href":"https:\/\/api.w.org\/{rel}","templated":true}]}}