{"id":734,"date":"2015-04-30T23:11:43","date_gmt":"2015-04-30T23:11:43","guid":{"rendered":"http:\/\/openspaceworld.org\/wp2\/?page_id=734"},"modified":"2026-03-12T11:24:53","modified_gmt":"2026-03-12T17:24:53","slug":"sven","status":"publish","type":"page","link":"https:\/\/openspaceworld.org\/wp2\/what-is\/sven\/","title":{"rendered":"Vad \u00e4r Open Space-metoden (Open Space Technology)?"},"content":{"rendered":"<p>F\u00f6rfattat av <a href=\"http:\/\/www.michaelherman.com\/\" target=\"_blank\" rel=\"noopener\">Michael Herman<\/a>, \u00f6versatt\/justerat av <a href=\"http:\/\/www.openspaceconsulting.com\" target=\"_blank\" rel=\"noopener\">Thomas Herrmann<\/a><\/p>\n<p><strong>Open Space-metoden <\/strong>\u00e4r ett s\u00e4tt att ge alla slags m\u00e4nniskor, i alla slags organisationer, m\u00f6jlighet att skapa inspirerande m\u00f6ten och evenemang. Under de senaste 30+ \u00e5ren har det ocks\u00e5 blivit tydligt att Open Space-metoden, som en medveten ledarskapspraktik, kan skapa inspirerade organisationer d\u00e4r vanliga m\u00e4nniskor arbetar tillsammans f\u00f6r att regelbundet \u00e5stadkomma extraordin\u00e4ra resultat.<\/p>\n<p>I Open Space-m\u00f6ten, evenemang och organisationer skapar och driver deltagarna sj\u00e4lva sin agenda av parallella arbetssessioner kring ett centralt tema av strategisk betydelse, till exempel: <em>Vilken strategi, grupp, organisation eller gemenskap kan alla intressenter st\u00f6dja och arbeta tillsammans f\u00f6r att skapa?<\/em><\/p>\n<p>Med grupper p\u00e5 5 till 2000+ personer \u2013 i endagsworkshops, tredagarskonferenser eller det vanliga veckom\u00f6tet \u2013 blir resultatet ofta en kraftfull och effektiv f\u00f6rst\u00e4rkning av det som redan p\u00e5g\u00e5r i organisationen: planering och handling, l\u00e4rande och g\u00f6rande, passion och ansvar, delaktighet och prestation.<\/p>\n<p><strong>N\u00e4r och varf\u00f6r?<\/strong><\/p>\n<p>Open Space fungerar b\u00e4st n\u00e4r arbetet som ska g\u00f6ras \u00e4r komplext, m\u00e4nniskorna och id\u00e9erna som \u00e4r inblandade \u00e4r m\u00e5ngfacetterade, passionen f\u00f6r att hitta en l\u00f6sning (och potentialen f\u00f6r konflikt) \u00e4r h\u00f6g \u2013 och tiden att g\u00f6ra det egentligen var ig\u00e5r.<\/p>\n<p>Det har kallats t ex passion inramad av ansvar, energin i en bra fikapaus, avsiktlig sj\u00e4lvorganisation, sj\u00e4l eller ande p\u00e5 jobbet, kaos och kreativitet, organisatorisk evolution, demokrati i praktiken \u2013 och ett enkelt, kraftfullt s\u00e4tt att f\u00e5 m\u00e4nniskor och organisationer i r\u00f6relse, n\u00e4r och d\u00e4r det beh\u00f6vs som mest.<\/p>\n<p>Och \u00e4ven om Open Space \u00e4r k\u00e4nt f\u00f6r sin till synes bristf\u00e4lliga struktur och sitt v\u00e4lkomnande av \u00f6verraskningar, visar det sig att ett Open Space-m\u00f6te eller en Open Space-organisation faktiskt \u00e4r mycket strukturerad \u2013 men strukturen \u00e4r s\u00e5 perfekt anpassad till m\u00e4nniskorna och arbetet att den blir osynlig i sin r\u00e4tta roll: att st\u00f6tta (inte hindra) det b\u00e4sta arbetet.<\/p>\n<p>Faktum \u00e4r att de ber\u00e4ttelser och handlingsplaner som v\u00e4vs fram i Open Space i allm\u00e4nhet \u00e4r mer komplexa, mer robusta, mer h\u00e5llbara \u2013 och kan r\u00f6ra sig betydligt snabbare fram\u00e5t \u00e4n vid expert- eller ledningsstyrda uppl\u00e4gg.<\/p>\n<p><strong>Hur fungerar det?<\/strong><\/p>\n<p>Open Space-m\u00f6ten b\u00f6rjar med en bred inbjudan att arbeta med n\u00e5got (stort) som verkligen betyder n\u00e5got. Vid den best\u00e4mda tiden samlas deltagarna i en cirkel, utan n\u00e5gon agenda p\u00e5 v\u00e4ggen. Programmet inleds med att deltagarna guidas till att skapa sin agenda. Sedan sj\u00e4lvorganiserar sig gruppen i mindre samtalsgrupper.<\/p>\n<p>Initiativtagaren f\u00f6r varje samtalsgrupp ansvarar f\u00f6r att n\u00e5got dokumenteras fr\u00e5n sin session. Rapporterna sammanst\u00e4lls omg\u00e5ende till en dokumentation som alla deltagare f\u00e5r en kopia av. Den inneh\u00e5ller alla samtalsgruppers rapporter och de omedelbara n\u00e4sta steg som identifierats. Alla vet vad de sj\u00e4lva beh\u00f6ver g\u00f6ra och vad de kan f\u00f6rv\u00e4nta sig av andra.<\/p>\n<p><strong>Fyra principer och en lag<\/strong><\/p>\n<p>Vid m\u00f6tets b\u00f6rjan f\u00f6rklarar en facilitator vanligen fyra (eller fem) principer och \u00e5beropar en lag. Dessa erbjuds som riktlinjer som g\u00f6r sj\u00e4lvorganisering mer behaglig och produktiv, snarare \u00e4n regler som m\u00e5ste f\u00f6ljas.<\/p>\n<p>Principerna p\u00e5minner oss om hur vi kan f\u00f6rh\u00e5lla oss till os\u00e4kerhet och \u00f6verraskningar:<\/p>\n<ul>\n<li>Vilka som \u00e4n kommer \u00e4r r\u00e4tt personer<\/li>\n<li>N\u00e4r det \u00e4n b\u00f6rjar \u00e4r r\u00e4tt tid<\/li>\n<li>(Var det \u00e4n sker \u00e4r r\u00e4tt plats)<\/li>\n<li>Vad som \u00e4n h\u00e4nder \u00e4r det enda som kunde ha h\u00e4nt<\/li>\n<li>N\u00e4r det \u00e4r slut \u00e4r det slut<\/li>\n<\/ul>\n<p><strong>De tv\u00e5 f\u00f6tternas lag<\/strong> (\u00e4ven kallad \u201dLagen om r\u00f6rlighet\u201d) s\u00e4ger: <em>\u201dDu, och bara du, vet n\u00e4r du l\u00e4r dig och bidrar s\u00e5 mycket som du kan.\u201d<\/em> Den p\u00e5minner oss om att <em>\u201dOm du befinner dig i en situation d\u00e4r du varken l\u00e4r dig eller bidrar, anv\u00e4nd dina tv\u00e5 f\u00f6tter, eller vad du nu anv\u00e4nder f\u00f6r att ta dig runt, och ta dig dit d\u00e4r du kan l\u00e4ra dig och bidra mer.\u201d<\/em><\/p>\n<p>N\u00e4stan vad som helst \u00e4r m\u00f6jligt i en grupp som blivit riktigt bra p\u00e5 att leva efter dessa principer och maximera sitt eget l\u00e4rande och v\u00e4rdeskapande.<\/p>\n<p><strong>Vad kommer att h\u00e4nda?<\/strong><\/p>\n<p>Vi vet aldrig exakt vad som kommer att h\u00e4nda n\u00e4r vi \u00f6ppnar utrymmet f\u00f6r m\u00e4nniskor att g\u00f6ra sitt viktigaste arbete, men vi kan garantera dessa resultat n\u00e4r en grupp g\u00e5r in i Open Space:<\/p>\n<ol>\n<li><em>Alla fr\u00e5gor som \u00e4r mest angel\u00e4gna f\u00f6r deltagarna kommer att lyftas.<\/em><\/li>\n<li><em>Alla fr\u00e5gor som lyfts kommer att behandlas av de deltagare som \u00e4r mest kvalificerade och kapabla att f\u00e5 n\u00e5got gjort.<\/em><\/li>\n<li><em>P\u00e5 s\u00e5 kort tid som en eller tv\u00e5 dagar kommer alla de viktigaste id\u00e9erna, samtalen, data, rekommendationer, slutsatser, fr\u00e5gor f\u00f6r vidare arbete och planer f\u00f6r omedelbara \u00e5tg\u00e4rder att dokumenteras i en omfattande rapport \u2013 f\u00e4rdig, tryckt och i deltagarnas h\u00e4nder n\u00e4r de l\u00e4mnar m\u00f6tet. Alternativt g\u00f6rs materialet tillg\u00e4ngligt online.<\/em><\/li>\n<li><em>N\u00e4r det \u00e4r l\u00e4mpligt och tid ges kan hela rapportens inneh\u00e5ll fokuseras och prioriteras p\u00e5 bara n\u00e5gra timmar, \u00e4ven i mycket stora grupper (hundratals).<\/em><\/li>\n<li><em>Efter ett evenemang kan alla resultat g\u00f6ras tillg\u00e4ngliga f\u00f6r hela organisationen eller gemenskapen inom n\u00e5gra dagar, s\u00e5 att alla intressenter bjuds in till implementeringen \u2013 direkt.<\/em><\/li>\n<li><em>Och\u2026 resultat som dessa kan planeras och genomf\u00f6ras snabbare \u00e4n n\u00e5gon annan form av s\u00e5 kallad \u201dstorgruppsintervention\u201d. Det \u00e4r bokstavligen m\u00f6jligt att \u00e5stadkomma p\u00e5 dagar och veckor vad andra tillv\u00e4gag\u00e5ngss\u00e4tt tar m\u00e5nader eller \u00e5r p\u00e5 sig att genomf\u00f6ra.<\/em><\/li>\n<\/ol>\n<p>De goda nyheterna \u2013 och de d\u00e5liga \u2013 \u00e4r att det fungerar. Goda, f\u00f6r att det f\u00e5r m\u00e4nniskor och arbetet i r\u00f6relse. D\u00e5liga, f\u00f6r att det kan inneb\u00e4ra att mycket kommer att bli annorlunda \u00e4n tidigare. Efterl\u00e4ngtade saker kan dyka upp, o\u00f6nskade saker f\u00f6rsvinna \u2013 och ibland tv\u00e4rtom. Men s\u00e5 \u00e4r livet.<\/p>\n<p>Kort sagt: Open Space ger liv tillbaka till organisationer, och organisationer tillbaka till livet.<\/p>\n<p><strong>Vad h\u00e4nder nu?<\/strong><\/p>\n<p>Den h\u00e4r webbplatsen \u00e4r fylld med framg\u00e5ngssagor, praktiska resurser, kontakter och n\u00e4tverk liksom andra goda och hj\u00e4lpsamma inslag \u2013 alla med n\u00e5gon del av svaret p\u00e5 fr\u00e5gan:\u00a0 \u201dVad \u00e4r Open Space?<\/p>\n","protected":false},"excerpt":{"rendered":"<p>F\u00f6rfattat av Michael Herman, \u00f6versatt\/justerat av Thomas Herrmann Open Space-metoden \u00e4r ett s\u00e4tt att ge alla slags m\u00e4nniskor, i alla slags organisationer, m\u00f6jlighet att skapa inspirerande m\u00f6ten och evenemang. Under de senaste 30+ \u00e5ren har det ocks\u00e5 blivit tydligt att Open Space-metoden, som en medveten ledarskapspraktik, kan skapa inspirerade organisationer d\u00e4r vanliga m\u00e4nniskor arbetar tillsammans [&hellip;]<\/p>\n","protected":false},"author":1,"featured_media":0,"parent":391,"menu_order":0,"comment_status":"closed","ping_status":"closed","template":"","meta":{"footnotes":""},"class_list":["post-734","page","type-page","status-publish","hentry"],"_links":{"self":[{"href":"https:\/\/openspaceworld.org\/wp2\/wp-json\/wp\/v2\/pages\/734","targetHints":{"allow":["GET"]}}],"collection":[{"href":"https:\/\/openspaceworld.org\/wp2\/wp-json\/wp\/v2\/pages"}],"about":[{"href":"https:\/\/openspaceworld.org\/wp2\/wp-json\/wp\/v2\/types\/page"}],"author":[{"embeddable":true,"href":"https:\/\/openspaceworld.org\/wp2\/wp-json\/wp\/v2\/users\/1"}],"replies":[{"embeddable":true,"href":"https:\/\/openspaceworld.org\/wp2\/wp-json\/wp\/v2\/comments?post=734"}],"version-history":[{"count":4,"href":"https:\/\/openspaceworld.org\/wp2\/wp-json\/wp\/v2\/pages\/734\/revisions"}],"predecessor-version":[{"id":6041,"href":"https:\/\/openspaceworld.org\/wp2\/wp-json\/wp\/v2\/pages\/734\/revisions\/6041"}],"up":[{"embeddable":true,"href":"https:\/\/openspaceworld.org\/wp2\/wp-json\/wp\/v2\/pages\/391"}],"wp:attachment":[{"href":"https:\/\/openspaceworld.org\/wp2\/wp-json\/wp\/v2\/media?parent=734"}],"curies":[{"name":"wp","href":"https:\/\/api.w.org\/{rel}","templated":true}]}}