{"id":698,"date":"2015-04-30T03:03:05","date_gmt":"2015-04-30T03:03:05","guid":{"rendered":"http:\/\/openspaceworld.org\/wp2\/?page_id=698"},"modified":"2015-04-30T03:07:00","modified_gmt":"2015-04-30T03:07:00","slug":"open-space-research","status":"publish","type":"page","link":"https:\/\/openspaceworld.org\/wp2\/explore\/open-space-research\/","title":{"rendered":"Academic Research on Open Space"},"content":{"rendered":"<p><em>Thanks to <a href=\"http:\/\/www.spiritedorg.com\/\">[LarryPeterson]<\/a> and <a href=\"http:\/\/www.openingspace.net\/\">[LisaHeft]<\/a> for finding most of these research papers<\/em><\/p>\n<p>See also:<\/p>\n<p><a href=\"http:\/\/www.openspaceworld.org\/news\/cat\/openspacetech\/research\/\">[Research-related blog posts]<\/a> &#8211; papers, articles and some discussion of practical research issues<\/p>\n<p><a href=\"http:\/\/www.openspaceworld.org\/network\/wiki.cgi?OpenSpaceResearch\">OSWorldNET:OpenSpaceResearch<\/a> &#8212; research project design by <a href=\"http:\/\/www.chriscorrigan.com\/\">[Chris Corrigan]<\/a>, <a href=\"http:\/\/www.opencirclecompany.com\/\">[Peggy Holman]<\/a> and <a href=\"http:\/\/www.spiritedorg.com\/\">[Larry Peterson]<\/a>.<\/p>\n<hr class=\"wikiline\" \/>\n<p><em><strong>Books, and Articles in Books<\/strong><\/em><\/p>\n<p>Bainbridge, Fr. Brian S. <em>Transforming Organizations by Open Space Technology<\/em>. In Self-Transformation of the Forgotten Four-Fifths. Robert Dyck, Matjaz Mulej. Kendall\/Hunt\u00a0Publishing Company. Dubuque, Iowa. 1998.<\/p>\n<p>Duffy, Frances. Blick, Charles &amp; Rogerson Lynda. <em>Redesigning America\u2019s Schools: A Systems Approach to Improvement.<\/em> Christopher &#8211; Gordon Publishers,\u00a0<a href=\"http:\/\/shop.barnesandnoble.com\/bookSearch\/isbnInquiry.asp?isbn=1929024126\">ISBN 1-929024-12-6<\/a> (<a href=\"http:\/\/www.amazon.com\/exec\/obidos\/ISBN=1929024126\">amazon.com<\/a>, <a href=\"http:\/\/www.pricescan.com\/books\/BookDetail.asp?isbn=1929024126\">search<\/a>). 2000<\/p>\n<p>Peterson, Larry E. &amp; Peterson, Rebecca, (2006). <em>Moving to the Next Level at the Canadian Institute for Health Information<\/em>, Bunker, B.B., &amp; Alban, B.T. (Eds), The Handbook of Large Group Methods, San Francisco, Jossey-Bass, pp. 343-353.<\/p>\n<p>Weber, Susanne. <em>From The Status Quo To The Future. Participative Approaches And A New Rationale Of Planning<\/em>. In: Keiner, Edwin (ed.) &#8211; Evaluating Pedagogy. Weinheim \/ Basel, p. 255-272. 2001<\/p>\n<hr class=\"wikiline\" \/>\n<p><em><strong>Some articles gathered in 2006 from what we believe are peer reviewed journals:<\/strong><\/em><\/p>\n<p>Brigham, Steve <em>Open Space: An Innovative Technique for Partcipatory Planning<\/em>. Planning for Higher Education. 2000. 28(4): p. 35-41.<\/p>\n<p>Bourner, Tom. <em>Exploring the future of Management Development: experiencing Open Space<\/em>. Career Development International (ISSN: 1362-0436). 1996, Volume 1, Number 4. University of Brighton.<\/p>\n<p>Freedman, Rebecca: <em>Creating a Climate of Public Dialogue and Action: Involving Community in the One-Tonne Challenge<\/em>. Master\u2019s Thesis. York University, Faculty of Environmental Studies. Toronto. May 2006.<\/p>\n<p>Leith, Martin. <em>Organizational change and large group interventions<\/em>. Career Development International (ISSN: 1362-0436). 1996, Volume 1, Number 4. University of Brighton. <a href=\"http:\/\/ninetta.emeraldinsight.com\/vl=4354379\/cl=85\/nw=1\/rpsv\/~1142\/v1n4\/s3\/p\">http:\/\/ninetta.emeraldinsight.com\/vl=4354379\/cl=85\/nw=1\/rpsv\/~1142\/v1n4\/s3\/p<\/a><\/p>\n<p>Lightfoot, Elizabeth, Pappas, Vicki, Chait, Jeffrey. <em>Setting Off Right: using open space technology to enable citizens to set the agenda for state disability planning<\/em>. Journal of Disability Policy Studies. V14 il. Summer 2003.<\/p>\n<p>Peterson, Larry. <em>Healthcare and Open Space Technology<\/em>. The First Canadian Healthcare Conference. Toronto. August 2009.\u00a0<a href=\"http:\/\/thefirstcanadianhealthcareconference.ca\/index.php?\/Healthcare-and-Open-Space-Technology\">http:\/\/thefirstcanadianhealthcareconference.ca\/index.php?\/Healthcare-and-Open-Space-Technology<\/a><\/p>\n<p>Rao, Srikumar. April 1994. <em>Welcome to Open Space<\/em>. Training Magazine. Minneapolis. Lakewood Publication.<\/p>\n<p>Weber, Susanne. <em>Open Space and Organization. A discussion of dilemmas and the transition to polyvalent space<\/em>. OD Practitioner (Journal of the Organization Development Network). In Preparation. 2004<\/p>\n<p><em>Participative planning in German-speaking countries: A survey of applications and spread<\/em>. German Politics and Society, University of California, Berkeley. In Preparation. 2004.<\/p>\n<p><em>Spread And Employment Of Large Group Interventions In German-Speaking Countries<\/em>. Zeitschrift f\u00fcr Organisationsentwicklung (Journal of Organisation Development), 2\/2003, p. 58-59<\/p>\n<p><em>Designing Networking As A Process With Large Group Interventions<\/em>. In: Zeitschrift f\u00fcr Organisationsentwicklung (Journal of Organization Development), 2\/2002, p. 60-73<\/p>\n<p><em>Power To The People!? Self-Organization, Systemic Learning And Strategy Development In Large Groups<\/em>. In: Sozialwissenschaftliche Literaturrundschau (Social Sciences Literature Overview), 2\/2000, p. 63-89. 2000<\/p>\n<p>Weber, Susanne &amp; Freitag, Matthias. <em>Open Space as a Tool Of The Organizational Development Of Knowledge<\/em>. In: Wehner, Theo \/ Dick, Michael (ed.) &#8211; Knowledge Management &#8211; Psychological Perspectives and Redefinitions. Special Issue of Wirtschaftspsychologie (Economic Psychology), 2\/2003<\/p>\n<p>Weber, Susanne &amp; Kolenaty, Erich: <em>Open Space and organization. From dilemmas to integration in polyvalent space<\/em>. In: Zeitschrift f\u00fcr Organisationsentwicklung (Journal of Organization Development), 2\/2003, p. 48-57<\/p>\n<hr class=\"wikiline\" \/>\n<p><em><strong>These dissertations would also be considered &#8220;peer reviewed&#8221;:<\/strong><\/em><\/p>\n<p>Aitken, Jeff (2006) <em>Opening space for shalom: An indigenous and organic inquiry of open space technology.<\/em> PhD<a class=\"wikipageedit\" href=\"http:\/\/www.openspaceworld.org\/cgi\/wiki.cgi?action=edit&amp;id=PhD\">?<\/a> dissertation, California Institute of Integral Studies, San Francisco, California.<\/p>\n<p>Biver, Nancie, <em>An Approach to Community-University Partnerships: Discoveries on the Road to America&#8217;s Promise<\/em><\/p>\n<ul>\n<li><a href=\"http:\/\/www.nationalservice.org\/research\/fellows_reports\/2000\/biver.pdf\">http:\/\/www.nationalservice.org\/research\/fellows_reports\/2000\/biver.pdf<\/a><\/li>\n<li><a href=\"http:\/\/servicelearning.org\/lib_svcs\/lib_cat\/index.php?library_id=4625\">http:\/\/servicelearning.org\/lib_svcs\/lib_cat\/index.php?library_id=4625<\/a><\/li>\n<\/ul>\n<dl>\n<dt><\/dt>\n<dd>This paper is a journey that explores the complexity and optimism of community\/higher education partnerships to support youth. It provides an analysis of the dynamics and history of power and racism. It raises critical questions regarding the role and approach of higher education and America\u2019s Promise, the national alliance for youth. Ultimately, it offers an opportunity to view our communities differently and engage in a process that provides the potential for authentic democratic solution generating, inclusive of the grassroots voice. The paper includes a discussion of Open Space Technology and it&#8217;s application in the above contexts.<\/dd>\n<\/dl>\n<p>Dixon, Elaine. <em>Open Space Technology: A Large-Group Approach to Whole-System Change<\/em>. Master\u2019s Thesis. Univerity of Calgary. 1999<\/p>\n<p>Theo Groot, <em>Between Mystery and Mastery<\/em>, Sheffield Hallam University UK and Kampala, Uganda<\/p>\n<dl>\n<dt><\/dt>\n<dd><a href=\"http:\/\/www.openspaceworld.org\/tmnfiles\/BetweenMysteryandMastery.htm\">http:\/\/www.openspaceworld.org\/tmnfiles\/BetweenMysteryandMastery.htm<\/a><\/dd>\n<\/dl>\n<dl>\n<dt><\/dt>\n<dd>In September 2001, Theo Groot had the privilege to take a one-year sabbatical to embark on a course in organization development and consultancy at Sheffield Hallam University in the U.K. One of the characteristics of the above mentioned OD course is the harmonious integration of academics, practical skills and personal development. This dissertation is a reflection of his learning journey.<\/dd>\n<\/dl>\n<dl>\n<dt><\/dt>\n<dd>Development workers are by the very nature of their work focussed on bringing about deliberate change in communities and organisations. During Theo&#8217;s course he became increasingly interested in complexity theory and its implications for development work. He considered Open Space Technology to be a practical way of dealing with change from a complexity perspective. Furthermore Open Space is very close to Central and Eastern Bantu approaches to change as he explains in this thesis.<\/dd>\n<\/dl>\n<dl>\n<dt><\/dt>\n<dd>Theo Groot can be contacted on: <a href=\"mailto:bduganda@afsat.com\">mailto:bduganda@afsat.com<\/a><\/dd>\n<\/dl>\n<p>Legault, Marie. <em>Bringing people together: A study of generational diversity and organizational culture<\/em>, Master\u2019s Thesis. Royal Roads University, BC, Canada. April 2002<\/p>\n<p>Norris, Richard. <em>A Grounded Theory Study On The Value Associated With Using Open Space Technology<\/em>. Webster University. Merritt Island, Fla. May 2000.<a href=\"http:\/\/www.openspaceworld.org\/tmnfiles\/OSTResearch2000.htm\">http:\/\/www.openspaceworld.org\/tmnfiles\/OSTResearch2000.htm<\/a> &#8230;contact Rich Norris at <a href=\"mailto:rdnorris@mchsi.com\">mailto:rdnorris@mchsi.com<\/a><\/p>\n<p>Olsen, Linda. <em>Open Space Technology and Self-Organization: A Case Study<\/em>. Master\u2019s Thesis. School of Business and Management, Pepperdine University. 1996<\/p>\n<p>van der Zouwen, Tonnie. <em>An evidence based practical guide to effective use of Large Scale Interventions. Towards sustainable organisational change with the whole system.<\/em>\u00a0<a href=\"http:\/\/www.eburon.nl\/building_an_evidence_based_practical_guide_to_large_scale_interventions?category_id=71&amp;language_code=en\">http:\/\/www.eburon.nl\/building_an_evidence_based_practical_guide_to_large_scale_interventions?category_id=71&amp;language_code=en<\/a><\/p>\n<p>Walker Daniel, Marlene. <em>An Ethnographic Study of an Open Space Technology Meeting: Self-Organization at Work<\/em>. Unpublished Doctoral Dissertation. University of Maryland. 1994.<\/p>\n<hr class=\"wikiline\" \/>\n<p><em><strong>Other papers that may or may not be dissertations or peer reviewed:<\/strong><\/em><\/p>\n<p>Reeler, Doug. (1994). <em>Exploring the Elements and Essences of Participative Processes in Organisations Opening Personal and Collective Spaces and the Mysteries of Facilitation.<\/em> <a href=\"mailto:dreeler@iaccess.za\">mailto:dreeler@iaccess.za<\/a>. Address: 146 St. Kilda R. Landsdowne, Cape Town, South Africa 7780. 18 pages.<\/p>\n<p>Saam, Nicole J. (submitted): <em>Towards a rational foundation of Open Space Technology.<\/em> PD Dr. Nicole J. Saam &#8212; Institut f\u00fcr Soziologie, Universit\u00e4t Leipzig, Beethovenstra\u00dfe 15, D-04107 Leipzig GERMANY Tel: +49 (0) 341\/9735690\/691 Fax: +49 (0) 341\/9735669 <a href=\"mailto:Nicole.Saam@soziologie.uni-muenchen.de\">mailto:Nicole.Saam@soziologie.uni-muenchen.de<\/a><\/p>\n<p>2003-06-25 Tsung-Hsien Tsai <em>To Analyze The Improvements and Results of Open Space Technology<\/em> <a href=\"http:\/\/sun.lib.nsysu.edu.tw\/ETD-db\/ETD-search\/view_etd?URN=etd-0801103-115701\">http:\/\/sun.lib.nsysu.edu.tw\/ETD-db\/ETD-search\/view_etd?URN=etd-0801103-115701<\/a><\/p>\n","protected":false},"excerpt":{"rendered":"<p>Thanks to [LarryPeterson] and [LisaHeft] for finding most of these research papers See also: [Research-related blog posts] &#8211; papers, articles and some discussion of practical research issues OSWorldNET:OpenSpaceResearch &#8212; research project design by [Chris Corrigan], [Peggy Holman] and [Larry Peterson]. Books, and Articles in Books Bainbridge, Fr. Brian S. Transforming Organizations by Open Space Technology. [&hellip;]<\/p>\n","protected":false},"author":1,"featured_media":0,"parent":524,"menu_order":0,"comment_status":"closed","ping_status":"closed","template":"","meta":{"footnotes":""},"class_list":["post-698","page","type-page","status-publish","hentry"],"_links":{"self":[{"href":"https:\/\/openspaceworld.org\/wp2\/wp-json\/wp\/v2\/pages\/698","targetHints":{"allow":["GET"]}}],"collection":[{"href":"https:\/\/openspaceworld.org\/wp2\/wp-json\/wp\/v2\/pages"}],"about":[{"href":"https:\/\/openspaceworld.org\/wp2\/wp-json\/wp\/v2\/types\/page"}],"author":[{"embeddable":true,"href":"https:\/\/openspaceworld.org\/wp2\/wp-json\/wp\/v2\/users\/1"}],"replies":[{"embeddable":true,"href":"https:\/\/openspaceworld.org\/wp2\/wp-json\/wp\/v2\/comments?post=698"}],"version-history":[{"count":3,"href":"https:\/\/openspaceworld.org\/wp2\/wp-json\/wp\/v2\/pages\/698\/revisions"}],"predecessor-version":[{"id":701,"href":"https:\/\/openspaceworld.org\/wp2\/wp-json\/wp\/v2\/pages\/698\/revisions\/701"}],"up":[{"embeddable":true,"href":"https:\/\/openspaceworld.org\/wp2\/wp-json\/wp\/v2\/pages\/524"}],"wp:attachment":[{"href":"https:\/\/openspaceworld.org\/wp2\/wp-json\/wp\/v2\/media?parent=698"}],"curies":[{"name":"wp","href":"https:\/\/api.w.org\/{rel}","templated":true}]}}