{"id":635,"date":"2015-04-28T03:08:43","date_gmt":"2015-04-28T03:08:43","guid":{"rendered":"http:\/\/openspaceworld.org\/wp2\/?page_id=635"},"modified":"2024-04-19T15:58:24","modified_gmt":"2024-04-19T21:58:24","slug":"open-space-groups","status":"publish","type":"page","link":"https:\/\/openspaceworld.org\/wp2\/explore\/open-space-groups\/","title":{"rendered":"Open Space Institutes and Other Regional Contacts"},"content":{"rendered":"\n<ul class=\"wp-block-list\">\n<li><a href=\"http:\/\/www.openspace.dk\/\"><strong>Open Space Institute Denmark<\/strong><\/a> &#8211; GerardMuller, <a href=\"mailto:gm@openspace.dk\">email<\/a>. Contains info on OS, training, examples of events including reports, literature, links.<\/li>\n<\/ul>\n\n\n\n<ul class=\"wp-block-list\">\n<li><strong><a rel=\"noreferrer noopener\" href=\"http:\/\/www.auryn.nl\/\" target=\"_blank\"><strong>Open Space Institute of The Netherlands and Flanders<\/strong><\/a> &#8211;&nbsp;<\/strong>Het Open Space Instituut Nederland\/Vlaanderen is er! Het zal een plek zijn voor dit deel van de wereld waar Open Space Technology kan groeien en zich kan ontwikkelen. Meer nieuws volgt&#8230; Meer informatie is voorlopig te vinden op de website van Auryn management advies (<a href=\"http:\/\/www.auryn.nl\/openspace.html\">http:\/\/www.auryn.nl\/openspace.html<\/a>), totdat het instituut zijn eigen web page heeft. &#8211;Koos de Heer, <a href=\"mailto:openspace@auryn.nl\">mailto:openspace@auryn.nl<\/a><\/li>\n<\/ul>\n\n\n\n<ul class=\"wp-block-list\">\n<li><strong>Svenska Open Space Institutet<\/strong> \u00e4r en ideell f\u00f6rening som \u201dsyftar till att utveckla och sprida kunskaper om Open Space metoden samt verka f\u00f6r \u00f6msesidigt st\u00f6d och l\u00e4rande mellan handledare\/praktiker som arbetar med Open Space metoden i Sverige och v\u00e4rlden\u201d. (stadgar 2004) Contact OSI Sweden: Chairwoman Eva P Svensson <a href=\"mailto:eva@epshumaninvest.se\">mailto:eva@epshumaninvest.se<\/a> or phone +46 (0)706-89 85 50<br> <br>Local monthly mentoring circles in G\u00f6teborg focusing on Open Space\/GenuineContact. Contact: Thomas Herrmann, <a href=\"http:\/\/www.openspaceconsulting.com\/\">openspaceconsulting.com<\/a>, <a href=\"mailto:thomas@openspaceconsulting.com\">email<\/a> or phone +46 (0)709-98 97 81<br> <br>Scandinavian emaillist\/ Skandinavisk m\u00f6tesplats f\u00f6r utbyte och l\u00e4rande om m\u00f6jligheterna av att arbeta med Open Space-metoden\/The Genuine Contact Program. G\u00e5 till: <a href=\"http:\/\/lists.genuinecontact.info\/mailman\/listinfo\/gc-scand\">http:\/\/lists.genuinecontact.info\/mailman\/listinfo\/gc-scand<\/a><\/li>\n<\/ul>\n\n\n\n<ul class=\"wp-block-list\">\n<li><strong>Taiwan &#8211;\u00a0<\/strong><a href=\"mailto:icataiw@ms69.hinet.net\">mailto:icataiw@ms69.hinet.net<\/a> &#8211; Gail West <\/li>\n\n\n\n<li><strong>Korea<\/strong> &#8211; <a rel=\"noreferrer noopener\" href=\"http:\/\/www.openspace.kr\/\" target=\"_blank\">http:\/\/www.openspace.kr\/<\/a> &#8211; Stanley Park<\/li>\n<\/ul>\n\n\n\n<ul class=\"wp-block-list\">\n<li><a rel=\"noreferrer noopener\" href=\"http:\/\/www.osius.org\" target=\"_blank\"><strong>Open Space Institute(US)<\/strong><\/a> &#8211; Sponsors of the annual Peace and High Performance retreat.<\/li>\n<\/ul>\n","protected":false},"excerpt":{"rendered":"","protected":false},"author":1,"featured_media":0,"parent":524,"menu_order":0,"comment_status":"closed","ping_status":"closed","template":"","meta":{"footnotes":""},"class_list":["post-635","page","type-page","status-publish","hentry"],"_links":{"self":[{"href":"https:\/\/openspaceworld.org\/wp2\/wp-json\/wp\/v2\/pages\/635","targetHints":{"allow":["GET"]}}],"collection":[{"href":"https:\/\/openspaceworld.org\/wp2\/wp-json\/wp\/v2\/pages"}],"about":[{"href":"https:\/\/openspaceworld.org\/wp2\/wp-json\/wp\/v2\/types\/page"}],"author":[{"embeddable":true,"href":"https:\/\/openspaceworld.org\/wp2\/wp-json\/wp\/v2\/users\/1"}],"replies":[{"embeddable":true,"href":"https:\/\/openspaceworld.org\/wp2\/wp-json\/wp\/v2\/comments?post=635"}],"version-history":[{"count":10,"href":"https:\/\/openspaceworld.org\/wp2\/wp-json\/wp\/v2\/pages\/635\/revisions"}],"predecessor-version":[{"id":4869,"href":"https:\/\/openspaceworld.org\/wp2\/wp-json\/wp\/v2\/pages\/635\/revisions\/4869"}],"up":[{"embeddable":true,"href":"https:\/\/openspaceworld.org\/wp2\/wp-json\/wp\/v2\/pages\/524"}],"wp:attachment":[{"href":"https:\/\/openspaceworld.org\/wp2\/wp-json\/wp\/v2\/media?parent=635"}],"curies":[{"name":"wp","href":"https:\/\/api.w.org\/{rel}","templated":true}]}}