{"id":153,"date":"2015-04-17T20:52:29","date_gmt":"2015-04-17T20:52:29","guid":{"rendered":"http:\/\/openspaceworld.org\/wp2\/?page_id=153"},"modified":"2026-03-07T17:02:06","modified_gmt":"2026-03-07T23:02:06","slug":"osonos","status":"publish","type":"page","link":"https:\/\/openspaceworld.org\/wp2\/osonos\/","title":{"rendered":"Open Space on Open Space"},"content":{"rendered":"<p><strong>Open Space on Open Space (OSonOS) Conferences<\/strong> are gatherings of Open Space Technology practitioners, their clients, curious people, business people, scientists, community activists, and others, all with some interest or experience in Open Space &#8212; in and from different places around the world. They are all about Open Space and are held entirely <em>in <\/em>Open Space.<\/p>\n<p style=\"text-align: center;\"><span style=\"color: #c40;\"><em><strong>32nd Annual World Open Space on Open Space<br \/>\n<\/strong>(WOSONOS) international practice conference<br \/>\nEindhoven, The Netherlands, September 17-19, 2026<br \/>\n<strong><a href=\"https:\/\/www.wosonos26.com\" target=\"_blank\" rel=\"noopener\">details coming here<\/a><\/strong><\/em><\/span><\/p>\n<p>These events date back to the early 1990&#8217;s when they were initiated and hosted by OST originator Harrison Owen, outside Washington DC. In the mid-90&#8217;s the annual OSonOS began to move around&#8230; Toronto, Monterrey, Chicago.\u00a0 In 2000 it went intercontinental&#8230; Germany, Canada (western), Australia, Sweden, India, Canada (eastern), Moscow and Ukraine, Taiwan and, and and&#8230; it&#8217;s still going.<\/p>\n<p>A number of &#8220;other&#8221; events &#8212; local, regional\/language, national, international, worldwide &#8212; had also sprung up, beginning as early as 2001 in Germany and Haiti, and later on in some other places. Many of these had international attendance.\u00a0 In 2015, there was even a 4-day global Virtual OSonOS.<\/p>\n<hr \/>\n<p><strong>Past Proceedings from international OSonOS Conferences, with Locations and Lead Hosts<\/strong><\/p>\n<ul>\n<li>31st Limuru<span style=\"font-size: 1rem;\">, Kenya 2025 &#8211; Paula Kahumbu and\u00a0Joan Ngige &#8211; <\/span><a style=\"font-size: 1rem;\" href=\"\/files\/osonos\/proceedings\/wosonos2025kenya.pdf\" target=\"_blank\" rel=\"noopener\">proceedings<\/a><\/li>\n<li>30th Istanbul, Turkey 2024 &#8211; Funda Oral, Ye\u015fim Karayel and Bike K\u00fc\u00e7\u00fck &#8211; <a href=\"https:\/\/drive.google.com\/file\/d\/1cymY21ncPKJ5Z9lfWCN3t1P2eA2yETXK\/view\" target=\"_blank\" rel=\"noopener\">proceedings (google drive)<\/a> | <a href=\"https:\/\/www.youtube.com\/watch?v=3B5Fv_wC5zA&amp;t=19s\" target=\"_blank\" rel=\"noopener\">video (2mins)<\/a><\/li>\n<li>29th Berlin, Germany 2023 &#8211; hosted by <a href=\"https:\/\/www.boscop.org\/\" target=\"_blank\" rel=\"noopener\">Boscop<\/a> and <a href=\"https:\/\/reinblau.coop\/\" target=\"_blank\" rel=\"noopener\">reinblau<\/a>\u00a0&#8211; <a href=\"\/files\/osonos\/proceedings\/wosonos2023berlin.pdf\" target=\"_blank\" rel=\"noopener\">proceedings (pdf)<\/a><\/li>\n<li>28th Bilbao Basque Country 2022 &#8211; Gentza Eleder Aurtenetxe and <a title=\"Gune Irekiaren Lagunak (Open Space Friends-Basque Country\" href=\"http:\/\/guneirekiarenlagunak.weebly.com\/\" target=\"_blank\" rel=\"noopener\" data-saferedirecturl=\"https:\/\/www.google.com\/url?q=http:\/\/guneirekiarenlagunak.weebly.com\/&amp;source=gmail&amp;ust=1683793690883000&amp;usg=AOvVaw1NiF03XdE3Ll34g3ZVnIGO\">Gune Irekiaren Lagunak (Open Space Friends-Basque Country<\/a>) &#8211; <a href=\"https:\/\/openspaceworld.org\/wp2\/wp-content\/uploads\/2022\/11\/GiGi-Mundiala_azken-txostena_1.-argitalpena_WOSonOS-2022-Bilbao_last-report_1.edition.pdf\" target=\"_blank\" rel=\"noopener\">proceedings<\/a><\/li>\n<li>27th Washington DC USA 2019 &#8211; Barry Owen and Open Space Institute US &#8211; <a href=\"https:\/\/osius.org\/wosonos2019proceedings\" target=\"_blank\" rel=\"noopener\">proceedings<\/a><\/li>\n<li>26th Reykjav\u00edk, Iceland 2018 &#8211; K\u00e1ri Gunnarsson and Ingibj\u00f6rg G\u00edslad\u00f3ttir &#8211; <a href=\"\/files\/osonos\/proceedings\/wosonos2018iceland.pdf\" target=\"_blank\" rel=\"noopener\">proceedings (pdf)<\/a>\u00a0and <a href=\"https:\/\/www.youtube.com\/watch?v=kL3qXUYHcaU\" target=\"_blank\" rel=\"noopener\">HarrisonOwenVideo<\/a><\/li>\n<li><a href=\"\/wp2\/wosonos2017\/\"><strong>25th Tainan, Taiwan<\/strong><\/a> 2017 &#8211; Jane Lewis and Sharon Wu<\/li>\n<li>24th Manila, Philippines 2016 &#8211; Sharon Joy Berlin-Chao at SEAMEO INNOTECH &#8211; <a href=\"https:\/\/www.seameo-innotech.org\/wp-content\/uploads\/2017\/01\/Wosonos2016%20Version%201-26-2017_19%20MB.pdf\" target=\"_blank\" rel=\"noopener noreferrer\">proceedings (pdf)<\/a><\/li>\n<li>23rd Krakow, Poland 2015 &#8211; Karolina Iwa &#8211; <a href=\"\/files\/osonos\/proceedings\/wosonos2015krakow.pdf\" target=\"_blank\" rel=\"noopener\">proceedings (pdf)<\/a><\/li>\n<li>1st Virtual Open Space on Open Space (VOSonOS),\u00a0World-Around, July 2015, Michael Herman and Lucas Cioffi at <a href=\"https:\/\/vosonos.qiqochat.com\" target=\"_blank\" rel=\"noopener noreferrer\">vosonos.qiqochat.com<\/a>\u00a0| <a href=\"\/wp2\/osonos\/vosonos\" target=\"_blank\" rel=\"noopener\">invitation<\/a> |\u00a0<a href=\"\/files\/osonos\/proceedings\/VOSonOS_2015.pdf\" target=\"_blank\" rel=\"noopener noreferrer\">full proceedings<\/a><\/li>\n<li>22nd Belgrade, Serbia 2014 &#8211; Jasmina Nikolic<\/li>\n<li>21st St Petersburg, Florida 2013 &#8211; Suzanne Daigle &#8211; <a href=\"https:\/\/osius.org\/wosonos2013\" target=\"_blank\" rel=\"noopener\">https:\/\/osius.org\/wosonos2013<\/a><\/li>\n<li>20th London 2012 &#8211; Phelim McDermott<\/li>\n<li>19th Chile 2011 &#8211; Juan Luis Walker &#8211; <a href=\"https:\/\/app.box.com\/s\/viuutspp2pycjnylviar\" target=\"_blank\" rel=\"noopener noreferrer\" data-saferedirecturl=\"https:\/\/www.google.com\/url?q=https:\/\/app.box.com\/s\/viuutspp2pycjnylviar&amp;source=gmail&amp;ust=1587920317756000&amp;usg=AFQjCNEP4GpUuF24z0pJZtERDugr5-5wZg\">libro de actas.pdf<\/a><\/li>\n<li>18th Berlin 2010 &#8211; Michael M Pannwitz &#8211; <a href=\"https:\/\/www.openspaceworld.org\/files\/osonos\/proceedings\/osonos2010.pdf\" target=\"_blank\" rel=\"noopener noreferrer\">proceeds.pdf<\/a><\/li>\n<li>17th Taiwan 2009 &#8211; Gail West<\/li>\n<li>16th San Francisco, California USA 2008 &#8211; Lisa Heft &#8211; <a href=\"\/files\/osonos\/proceedings\/osonos16_sanfran.pdf\" target=\"_blank\" rel=\"noopener\">proceeds.pdf<\/a><\/li>\n<li>15th Kiev Ukraine 2007 &#8211; Yana Demenko &#8211; <a href=\"https:\/\/www.openspaceworld.org\/files\/osonos\/proceedings\/osonos15_kiev_notes\" target=\"_blank\" rel=\"noopener\">Notes.pdf<\/a>\u00a0and\u00a0<a href=\"https:\/\/www.openspaceworld.org\/files\/osonos\/proceedings\/osonos15_kiev_steps\" target=\"_blank\" rel=\"noopener\">NextSteps.pdf<\/a><\/li>\n<li>14th Moscow, Russia 2006 &#8211; Raffi Aftandelian &#8211; <a href=\"https:\/\/www.openspaceworld.org\/files\/osonos\/proceedings\/osonos14.pdf\" target=\"_blank\" rel=\"noopener noreferrer\">proceeds.pdf<\/a><\/li>\n<li>13th Halifax, Nova Scotia Canada 2005 &#8211; Judi Richardson &#8211; <a href=\"https:\/\/www.openspaceworld.org\/files\/osonos\/proceedings\/osonos13_halifax.pdf\" target=\"_blank\" rel=\"noopener noreferrer\">proceeds.pdf<\/a><\/li>\n<li>12th Goa India 2004 &#8211; Janet Pinto &#8211; <a href=\"https:\/\/www.openspaceworld.org\/files\/osonos\/proceedings\/osonos12_goa.pdf\" target=\"_blank\" rel=\"noopener\">proceeds.pdf<\/a><\/li>\n<li>11th SwenMark (Sweden\/Denmark) 2003 &#8211; Thomas Herrmann &#8211; <a href=\"https:\/\/www.openspaceworld.org\/network\/wiki.cgi?OSonOSinSwenMark\" target=\"_blank\" rel=\"noopener\">Proceeds.OnlineWikiDemo<\/a><\/li>\n<li>10th Marysville Australia 2002 &#8211; Brian Bainbridge &#8211; <a href=\"\/files\/osonos\/proceedings\/osonos10.pdf\" target=\"_blank\" rel=\"noopener\">proceeds.pdf<\/a>\u00a0|\u00a0<a href=\"https:\/\/www.youtube.com\/watch?t=120&amp;v=3WlRiX_ID68\" target=\"_blank\" rel=\"noopener noreferrer\">ProfessionalVideo<\/a>\u00a0|\u00a0<a href=\"\/cgi\/oldwiki.cgi?MarysvilleAustralia\" target=\"_blank\" rel=\"noopener\">Proceeds.OnlineWikiDemo<\/a><\/li>\n<li>9th Vancouver Canada 2001 &#8211; Chris Corrigan and Laurel Doersam &#8211; <a href=\"\/files\/osonos\/proceedings\/osonos9.pdf\" target=\"_blank\" rel=\"noopener\">Proceedings.pdf<\/a><\/li>\n<li>8th Berlin Germany 2000 &#8211; Michael M Pannwitz &#8211; <a href=\"\/files\/osonos\/proceedings\/osonos8.pdf\" target=\"_blank\" rel=\"noopener\">Proceeds.pdf<\/a> | <a href=\"\/files\/osonos\/osonos8pics\/osonos8pics.pdf\">Photos<\/a><\/li>\n<li>7th Chicago Illinois USA 1999 &#8211; Michael Herman and Sheila Isakson &#8211; <a href=\"\/files\/osonos\/proceedings\/osonos7invite.html\" target=\"_blank\" rel=\"noopener\">Invite<\/a> | <a href=\"\/files\/osonos\/proceedings\/osonos7.pdf\" target=\"_blank\" rel=\"noopener\">Proceeds.pdf<\/a> | <a href=\"\/files\/osonos\/osonos7pics\/OSonOS7Pics.pdf\" target=\"_blank\" rel=\"noopener\">Photos<\/a><\/li>\n<li>6th Monterey California USA 1998 &#8211; PeggyHolman &#8211; <a href=\"\/files\/osonos\/proceedings\/osonos6.pdf\" target=\"_blank\" rel=\"noopener\">Proceeds.pdf<\/a>\u00a0| <a href=\"\/tmnfiles\/OSonOSVIproceedings(Monterey).htm\" target=\"_blank\" rel=\"noopener\">Proceeds.htm<\/a><\/li>\n<li>5th Toronto, Ontario, Canada 1997 &#8211; Larry Peterson and Birgitt Williams &#8211; <a href=\"\/files\/osonos\/proceedings\/osonos5.pdf\" target=\"_blank\" rel=\"noopener\">Proceeds.pdf<\/a><\/li>\n<li>4th Dulles Airport, Virginia USA 1996 &#8211; Harrison Owen &#8211; <a href=\"\/files\/osonos\/proceedings\/osonos4.pdf\" target=\"_blank\" rel=\"noopener\">Proceeds.pdf<\/a><\/li>\n<li>3rd Dulles Airport, Virginia USA 1995 &#8211; Harrison Owen<\/li>\n<li>2nd Dulles Airport, Virginia USA 1994 &#8211; Harrison Owen &#8211; <a href=\"\/files\/osonos\/proceedings\/osonos2.pdf\" target=\"_blank\" rel=\"noopener\">Proceeds.pdf<\/a><\/li>\n<li>1st Dulles Airport, Virginia USA 1993 &#8211; Harrison Owen<\/li>\n<\/ul>\n<p><strong>Local, regional and international OSonOS events<\/strong> &#8211; <a href=\"\/news\/cat\/openspacetech\/osonos-conferences\/\">archived invites and reports<\/a><\/p>\n","protected":false},"excerpt":{"rendered":"<p>Open Space on Open Space (OSonOS) Conferences are gatherings of Open Space Technology practitioners, their clients, curious people, business people, scientists, community activists, and others, all with some interest or experience in Open Space &#8212; in and from different places around the world. They are all about Open Space and are held entirely in Open [&hellip;]<\/p>\n","protected":false},"author":1,"featured_media":0,"parent":0,"menu_order":0,"comment_status":"closed","ping_status":"closed","template":"","meta":{"footnotes":""},"class_list":["post-153","page","type-page","status-publish","hentry"],"_links":{"self":[{"href":"https:\/\/openspaceworld.org\/wp2\/wp-json\/wp\/v2\/pages\/153","targetHints":{"allow":["GET"]}}],"collection":[{"href":"https:\/\/openspaceworld.org\/wp2\/wp-json\/wp\/v2\/pages"}],"about":[{"href":"https:\/\/openspaceworld.org\/wp2\/wp-json\/wp\/v2\/types\/page"}],"author":[{"embeddable":true,"href":"https:\/\/openspaceworld.org\/wp2\/wp-json\/wp\/v2\/users\/1"}],"replies":[{"embeddable":true,"href":"https:\/\/openspaceworld.org\/wp2\/wp-json\/wp\/v2\/comments?post=153"}],"version-history":[{"count":94,"href":"https:\/\/openspaceworld.org\/wp2\/wp-json\/wp\/v2\/pages\/153\/revisions"}],"predecessor-version":[{"id":6037,"href":"https:\/\/openspaceworld.org\/wp2\/wp-json\/wp\/v2\/pages\/153\/revisions\/6037"}],"wp:attachment":[{"href":"https:\/\/openspaceworld.org\/wp2\/wp-json\/wp\/v2\/media?parent=153"}],"curies":[{"name":"wp","href":"https:\/\/api.w.org\/{rel}","templated":true}]}}